{"id":4511,"date":"2024-05-06T17:55:29","date_gmt":"2024-05-06T21:55:29","guid":{"rendered":"https:\/\/www.glennrobertson.ca\/pliantes\/"},"modified":"2026-04-23T15:43:23","modified_gmt":"2026-04-23T19:43:23","slug":"pliantes","status":"publish","type":"page","link":"https:\/\/www.glennrobertson.ca\/fr\/pliantes\/","title":{"rendered":"Pliantes"},"content":{"rendered":"<p>[et_pb_section fb_built=\u00a0\u00bb1&Prime; _builder_version=\u00a0\u00bb4.16&Prime; background_color=\u00a0\u00bb#ffffff\u00a0\u00bb global_colors_info=\u00a0\u00bb{}\u00a0\u00bb][et_pb_row _builder_version=\u00a0\u00bb4.16&Prime; background_size=\u00a0\u00bbinitial\u00a0\u00bb background_position=\u00a0\u00bbtop_left\u00a0\u00bb background_repeat=\u00a0\u00bbrepeat\u00a0\u00bb global_colors_info=\u00a0\u00bb{}\u00a0\u00bb][et_pb_column type=\u00a0\u00bb4_4&Prime; _builder_version=\u00a0\u00bb4.16&Prime; custom_padding=\u00a0\u00bb|||\u00a0\u00bb global_colors_info=\u00a0\u00bb{}\u00a0\u00bb custom_padding__hover=\u00a0\u00bb|||\u00a0\u00bb][et_pb_text admin_label=\u00a0\u00bbTitle\u00a0\u00bb _builder_version=\u00a0\u00bb4.27.2&Prime; _dynamic_attributes=\u00a0\u00bbcontent\u00a0\u00bb z_index_tablet=\u00a0\u00bb500&Prime; text_text_shadow_horizontal_length_tablet=\u00a0\u00bb0px\u00a0\u00bb text_text_shadow_vertical_length_tablet=\u00a0\u00bb0px\u00a0\u00bb text_text_shadow_blur_strength_tablet=\u00a0\u00bb1px\u00a0\u00bb link_text_shadow_horizontal_length_tablet=\u00a0\u00bb0px\u00a0\u00bb link_text_shadow_vertical_length_tablet=\u00a0\u00bb0px\u00a0\u00bb link_text_shadow_blur_strength_tablet=\u00a0\u00bb1px\u00a0\u00bb ul_text_shadow_horizontal_length_tablet=\u00a0\u00bb0px\u00a0\u00bb ul_text_shadow_vertical_length_tablet=\u00a0\u00bb0px\u00a0\u00bb ul_text_shadow_blur_strength_tablet=\u00a0\u00bb1px\u00a0\u00bb ol_text_shadow_horizontal_length_tablet=\u00a0\u00bb0px\u00a0\u00bb ol_text_shadow_vertical_length_tablet=\u00a0\u00bb0px\u00a0\u00bb ol_text_shadow_blur_strength_tablet=\u00a0\u00bb1px\u00a0\u00bb quote_text_shadow_horizontal_length_tablet=\u00a0\u00bb0px\u00a0\u00bb quote_text_shadow_vertical_length_tablet=\u00a0\u00bb0px\u00a0\u00bb quote_text_shadow_blur_strength_tablet=\u00a0\u00bb1px\u00a0\u00bb header_text_shadow_horizontal_length_tablet=\u00a0\u00bb0px\u00a0\u00bb header_text_shadow_vertical_length_tablet=\u00a0\u00bb0px\u00a0\u00bb header_text_shadow_blur_strength_tablet=\u00a0\u00bb1px\u00a0\u00bb header_2_text_shadow_horizontal_length_tablet=\u00a0\u00bb0px\u00a0\u00bb header_2_text_shadow_vertical_length_tablet=\u00a0\u00bb0px\u00a0\u00bb header_2_text_shadow_blur_strength_tablet=\u00a0\u00bb1px\u00a0\u00bb header_3_text_shadow_horizontal_length_tablet=\u00a0\u00bb0px\u00a0\u00bb header_3_text_shadow_vertical_length_tablet=\u00a0\u00bb0px\u00a0\u00bb header_3_text_shadow_blur_strength_tablet=\u00a0\u00bb1px\u00a0\u00bb header_4_text_shadow_horizontal_length_tablet=\u00a0\u00bb0px\u00a0\u00bb header_4_text_shadow_vertical_length_tablet=\u00a0\u00bb0px\u00a0\u00bb header_4_text_shadow_blur_strength_tablet=\u00a0\u00bb1px\u00a0\u00bb header_5_text_shadow_horizontal_length_tablet=\u00a0\u00bb0px\u00a0\u00bb header_5_text_shadow_vertical_length_tablet=\u00a0\u00bb0px\u00a0\u00bb header_5_text_shadow_blur_strength_tablet=\u00a0\u00bb1px\u00a0\u00bb header_6_text_shadow_horizontal_length_tablet=\u00a0\u00bb0px\u00a0\u00bb header_6_text_shadow_vertical_length_tablet=\u00a0\u00bb0px\u00a0\u00bb header_6_text_shadow_blur_strength_tablet=\u00a0\u00bb1px\u00a0\u00bb box_shadow_horizontal_tablet=\u00a0\u00bb0px\u00a0\u00bb box_shadow_vertical_tablet=\u00a0\u00bb0px\u00a0\u00bb box_shadow_blur_tablet=\u00a0\u00bb40px\u00a0\u00bb box_shadow_spread_tablet=\u00a0\u00bb0px\u00a0\u00bb global_colors_info=\u00a0\u00bb{}\u00a0\u00bb]@ET-DC@eyJkeW5hbWljIjp0cnVlLCJjb250ZW50IjoicG9zdF90aXRsZSIsInNldHRpbmdzIjp7ImJlZm9yZSI6IjxoMiBjbGFzcz1cInNwb3R0ZXh0XCI+IiwiYWZ0ZXIiOiI8XC9oMj4ifX0=@[\/et_pb_text][et_pb_text _builder_version=\u00a0\u00bb4.27.4&Prime; module_alignment=\u00a0\u00bbcenter\u00a0\u00bb hover_enabled=\u00a0\u00bb0&Prime; global_colors_info=\u00a0\u00bb{}\u00a0\u00bb sticky_enabled=\u00a0\u00bb0&Prime;]<\/p>\n<p class=\"smallspottext\" style=\"text-align: center;\">Ces portes de garde-robe pliantes s\u2019ouvrent en se repliant et se superposent les unes derri\u00e8re les autres, offrant une vue d\u00e9gag\u00e9e du contenu de votre garde-robe.<\/p>\n<p class=\"smallspottext\" style=\"text-align: center;\">Disponibles avec cadre ou sans cadre, les portes de garde-robe pliantes de GRI peuvent \u00eatre personnalis\u00e9es pour r\u00e9pondre aux exigences uniques de chaque espace.<\/p>\n<p class=\"smallspottext\" style=\"text-align: center;\">Nos portes pliantes offrent des possibilit\u00e9s de design et de personnalisation similaires \u00e0 celles de nos c\u00e9l\u00e8bres portes coulissantes, mais avec une diff\u00e9rence.<\/p>\n<p class=\"smallspottext\" style=\"text-align: center;\">Au lieu de glisser l\u2019une derri\u00e8re l\u2019autre, les portes d\u2019un syst\u00e8me pliant s\u2019ouvrent vers l\u2019ext\u00e9rieur et se placent c\u00f4te \u00e0 c\u00f4te.<\/p>\n<p>[\/et_pb_text][et_pb_code _builder_version=\u00a0\u00bb4.27.4&Prime; _module_preset=\u00a0\u00bbdefault\u00a0\u00bb global_colors_info=\u00a0\u00bb{}\u00a0\u00bb]<div class=\"rl-gallery-container rl-loading\" id=\"rl-gallery-container-1\" data-gallery_id=\"4141\"> <div class=\"rl-gallery rl-basicmasonry-gallery \" id=\"rl-gallery-1\" data-gallery_no=\"1\"> <div class=\"rl-gutter-sizer\"><\/div><div class=\"rl-grid-sizer\"><\/div> <div class=\"rl-gallery-item rl-gallery-item-width-4\" > <div class=\"rl-gallery-item-content\"> <a href=\"https:\/\/www.glennrobertson.ca\/wp-content\/uploads\/2025\/04\/custom-bifold-sliding-closet-door-002.jpg\" title=\"\" data-rl_title=\"\" class=\"rl-gallery-link\" data-rl_caption=\"\" data-rel=\"lightbox-gallery-1\"><img loading=\"lazy\" decoding=\"async\" src=\"https:\/\/www.glennrobertson.ca\/wp-content\/uploads\/2025\/04\/custom-bifold-sliding-closet-door-002.jpg\" width=\"1010\" height=\"425\" alt=\"\" \/><\/a> <\/div> <\/div> <div class=\"rl-gallery-item\" > <div class=\"rl-gallery-item-content\"> <a href=\"https:\/\/www.glennrobertson.ca\/wp-content\/uploads\/2025\/04\/IMG_2410.jpg\" title=\"\" data-rl_title=\"\" class=\"rl-gallery-link\" data-rl_caption=\"\" data-rel=\"lightbox-gallery-1\"><img loading=\"lazy\" decoding=\"async\" src=\"https:\/\/www.glennrobertson.ca\/wp-content\/uploads\/2025\/04\/IMG_2410.jpg\" width=\"1024\" height=\"645\" alt=\"\" \/><\/a> <\/div> <\/div> <div class=\"rl-gallery-item\" > <div class=\"rl-gallery-item-content\"> <a href=\"https:\/\/www.glennrobertson.ca\/wp-content\/uploads\/2025\/04\/IMG_2409.jpg\" title=\"\" data-rl_title=\"\" class=\"rl-gallery-link\" data-rl_caption=\"\" data-rel=\"lightbox-gallery-1\"><img loading=\"lazy\" decoding=\"async\" src=\"https:\/\/www.glennrobertson.ca\/wp-content\/uploads\/2025\/04\/IMG_2409.jpg\" width=\"1024\" height=\"608\" alt=\"\" \/><\/a> <\/div> <\/div> <div class=\"rl-gallery-item\" > <div class=\"rl-gallery-item-content\"> <a href=\"https:\/\/www.glennrobertson.ca\/wp-content\/uploads\/2025\/04\/IMG_2408.jpg\" title=\"\" data-rl_title=\"\" class=\"rl-gallery-link\" data-rl_caption=\"\" data-rel=\"lightbox-gallery-1\"><img loading=\"lazy\" decoding=\"async\" src=\"https:\/\/www.glennrobertson.ca\/wp-content\/uploads\/2025\/04\/IMG_2408.jpg\" width=\"1024\" height=\"660\" alt=\"\" \/><\/a> <\/div> <\/div> <div class=\"rl-gallery-item\" > <div class=\"rl-gallery-item-content\"> <a href=\"https:\/\/www.glennrobertson.ca\/wp-content\/uploads\/2025\/04\/IMG_2407.jpg\" title=\"\" data-rl_title=\"\" class=\"rl-gallery-link\" data-rl_caption=\"\" data-rel=\"lightbox-gallery-1\"><img loading=\"lazy\" decoding=\"async\" src=\"https:\/\/www.glennrobertson.ca\/wp-content\/uploads\/2025\/04\/IMG_2407.jpg\" width=\"1024\" height=\"662\" alt=\"\" \/><\/a> <\/div> <\/div> <div class=\"rl-gallery-item\" > <div class=\"rl-gallery-item-content\"> <a href=\"https:\/\/www.glennrobertson.ca\/wp-content\/uploads\/2025\/04\/IMG_2406.jpg\" title=\"\" data-rl_title=\"\" class=\"rl-gallery-link\" data-rl_caption=\"\" data-rel=\"lightbox-gallery-1\"><img loading=\"lazy\" decoding=\"async\" src=\"https:\/\/www.glennrobertson.ca\/wp-content\/uploads\/2025\/04\/IMG_2406.jpg\" width=\"1024\" height=\"672\" alt=\"\" \/><\/a> <\/div> <\/div> <div class=\"rl-gallery-item\" > <div class=\"rl-gallery-item-content\"> <a href=\"https:\/\/www.glennrobertson.ca\/wp-content\/uploads\/2025\/04\/IMG_2405.jpg\" title=\"\" data-rl_title=\"\" class=\"rl-gallery-link\" data-rl_caption=\"\" data-rel=\"lightbox-gallery-1\"><img loading=\"lazy\" decoding=\"async\" src=\"https:\/\/www.glennrobertson.ca\/wp-content\/uploads\/2025\/04\/IMG_2405.jpg\" width=\"1024\" height=\"724\" alt=\"\" \/><\/a> <\/div> <\/div> <div class=\"rl-gallery-item\" > <div class=\"rl-gallery-item-content\"> <a href=\"https:\/\/www.glennrobertson.ca\/wp-content\/uploads\/2025\/04\/IMG_2404.jpg\" title=\"\" data-rl_title=\"\" class=\"rl-gallery-link\" data-rl_caption=\"\" data-rel=\"lightbox-gallery-1\"><img loading=\"lazy\" decoding=\"async\" src=\"https:\/\/www.glennrobertson.ca\/wp-content\/uploads\/2025\/04\/IMG_2404.jpg\" width=\"1024\" height=\"671\" alt=\"\" \/><\/a> <\/div> <\/div> <div class=\"rl-gallery-item\" > <div class=\"rl-gallery-item-content\"> <a href=\"https:\/\/www.glennrobertson.ca\/wp-content\/uploads\/2025\/04\/IMG_2403.jpg\" title=\"\" data-rl_title=\"\" class=\"rl-gallery-link\" data-rl_caption=\"\" data-rel=\"lightbox-gallery-1\"><img loading=\"lazy\" decoding=\"async\" src=\"https:\/\/www.glennrobertson.ca\/wp-content\/uploads\/2025\/04\/IMG_2403.jpg\" width=\"1024\" height=\"772\" alt=\"\" \/><\/a> <\/div> <\/div> <div class=\"rl-gallery-item\" > <div class=\"rl-gallery-item-content\"> <a href=\"https:\/\/www.glennrobertson.ca\/wp-content\/uploads\/2025\/04\/IMG_2402.jpg\" title=\"\" data-rl_title=\"\" class=\"rl-gallery-link\" data-rl_caption=\"\" data-rel=\"lightbox-gallery-1\"><img loading=\"lazy\" decoding=\"async\" src=\"https:\/\/www.glennrobertson.ca\/wp-content\/uploads\/2025\/04\/IMG_2402.jpg\" width=\"1024\" height=\"656\" alt=\"\" \/><\/a> <\/div> <\/div> <div class=\"rl-gallery-item\" > <div class=\"rl-gallery-item-content\"> <a href=\"https:\/\/www.glennrobertson.ca\/wp-content\/uploads\/2025\/04\/IMG_2400.jpg\" title=\"\" data-rl_title=\"\" class=\"rl-gallery-link\" data-rl_caption=\"\" data-rel=\"lightbox-gallery-1\"><img loading=\"lazy\" decoding=\"async\" src=\"https:\/\/www.glennrobertson.ca\/wp-content\/uploads\/2025\/04\/IMG_2400.jpg\" width=\"1024\" height=\"714\" alt=\"\" \/><\/a> <\/div> <\/div> <div class=\"rl-gallery-item\" > <div class=\"rl-gallery-item-content\"> <a href=\"https:\/\/www.glennrobertson.ca\/wp-content\/uploads\/2025\/04\/IMG_2399.jpg\" title=\"\" data-rl_title=\"\" class=\"rl-gallery-link\" data-rl_caption=\"\" data-rel=\"lightbox-gallery-1\"><img loading=\"lazy\" decoding=\"async\" src=\"https:\/\/www.glennrobertson.ca\/wp-content\/uploads\/2025\/04\/IMG_2399.jpg\" width=\"1024\" height=\"731\" alt=\"\" \/><\/a> <\/div> <\/div> <div class=\"rl-gallery-item\" > <div class=\"rl-gallery-item-content\"> <a href=\"https:\/\/www.glennrobertson.ca\/wp-content\/uploads\/2025\/04\/custom-bifold-sliding-closet-door-027.jpg\" title=\"\" data-rl_title=\"\" class=\"rl-gallery-link\" data-rl_caption=\"\" data-rel=\"lightbox-gallery-1\"><img loading=\"lazy\" decoding=\"async\" src=\"https:\/\/www.glennrobertson.ca\/wp-content\/uploads\/2025\/04\/custom-bifold-sliding-closet-door-027.jpg\" width=\"1010\" height=\"425\" alt=\"\" \/><\/a> <\/div> <\/div> <div class=\"rl-gallery-item\" > <div class=\"rl-gallery-item-content\"> <a href=\"https:\/\/www.glennrobertson.ca\/wp-content\/uploads\/2025\/04\/custom-bifold-sliding-closet-door-024.jpg\" title=\"\" data-rl_title=\"\" class=\"rl-gallery-link\" data-rl_caption=\"\" data-rel=\"lightbox-gallery-1\"><img loading=\"lazy\" decoding=\"async\" src=\"https:\/\/www.glennrobertson.ca\/wp-content\/uploads\/2025\/04\/custom-bifold-sliding-closet-door-024.jpg\" width=\"1010\" height=\"425\" alt=\"\" \/><\/a> <\/div> <\/div> <div class=\"rl-gallery-item\" > <div class=\"rl-gallery-item-content\"> <a href=\"https:\/\/www.glennrobertson.ca\/wp-content\/uploads\/2025\/04\/custom-bifold-sliding-closet-door-019.jpg\" title=\"\" data-rl_title=\"\" class=\"rl-gallery-link\" data-rl_caption=\"\" data-rel=\"lightbox-gallery-1\"><img loading=\"lazy\" decoding=\"async\" src=\"https:\/\/www.glennrobertson.ca\/wp-content\/uploads\/2025\/04\/custom-bifold-sliding-closet-door-019.jpg\" width=\"1010\" height=\"425\" alt=\"\" \/><\/a> <\/div> <\/div> <div class=\"rl-gallery-item\" > <div class=\"rl-gallery-item-content\"> <a href=\"https:\/\/www.glennrobertson.ca\/wp-content\/uploads\/2025\/04\/custom-bifold-sliding-closet-door-015.jpg\" title=\"\" data-rl_title=\"\" class=\"rl-gallery-link\" data-rl_caption=\"\" data-rel=\"lightbox-gallery-1\"><img loading=\"lazy\" decoding=\"async\" src=\"https:\/\/www.glennrobertson.ca\/wp-content\/uploads\/2025\/04\/custom-bifold-sliding-closet-door-015.jpg\" width=\"1010\" height=\"425\" alt=\"\" \/><\/a> <\/div> <\/div> <div class=\"rl-gallery-item\" > <div class=\"rl-gallery-item-content\"> <a href=\"https:\/\/www.glennrobertson.ca\/wp-content\/uploads\/2025\/04\/custom-bifold-sliding-closet-door-011.jpg\" title=\"\" data-rl_title=\"\" class=\"rl-gallery-link\" data-rl_caption=\"\" data-rel=\"lightbox-gallery-1\"><img loading=\"lazy\" decoding=\"async\" src=\"https:\/\/www.glennrobertson.ca\/wp-content\/uploads\/2025\/04\/custom-bifold-sliding-closet-door-011.jpg\" width=\"1010\" height=\"425\" alt=\"\" \/><\/a> <\/div> <\/div> <div class=\"rl-gallery-item\" > <div class=\"rl-gallery-item-content\"> <a href=\"https:\/\/www.glennrobertson.ca\/wp-content\/uploads\/2025\/04\/custom-bifold-sliding-closet-door-010.jpg\" title=\"\" data-rl_title=\"\" class=\"rl-gallery-link\" data-rl_caption=\"\" data-rel=\"lightbox-gallery-1\"><img loading=\"lazy\" decoding=\"async\" src=\"https:\/\/www.glennrobertson.ca\/wp-content\/uploads\/2025\/04\/custom-bifold-sliding-closet-door-010.jpg\" width=\"1010\" height=\"425\" alt=\"\" \/><\/a> <\/div> <\/div> <div class=\"rl-gallery-item\" > <div class=\"rl-gallery-item-content\"> <a href=\"https:\/\/www.glennrobertson.ca\/wp-content\/uploads\/2025\/04\/custom-bifold-sliding-closet-door-004.jpg\" title=\"\" data-rl_title=\"\" class=\"rl-gallery-link\" data-rl_caption=\"\" data-rel=\"lightbox-gallery-1\"><img loading=\"lazy\" decoding=\"async\" src=\"https:\/\/www.glennrobertson.ca\/wp-content\/uploads\/2025\/04\/custom-bifold-sliding-closet-door-004.jpg\" width=\"1010\" height=\"425\" alt=\"\" \/><\/a> <\/div> <\/div> <div class=\"rl-gallery-item\" > <div class=\"rl-gallery-item-content\"> <a href=\"https:\/\/www.glennrobertson.ca\/wp-content\/uploads\/2025\/04\/custom-bifold-sliding-closet-door-003.jpg\" title=\"\" data-rl_title=\"\" class=\"rl-gallery-link\" data-rl_caption=\"\" data-rel=\"lightbox-gallery-1\"><img loading=\"lazy\" decoding=\"async\" src=\"https:\/\/www.glennrobertson.ca\/wp-content\/uploads\/2025\/04\/custom-bifold-sliding-closet-door-003.jpg\" width=\"1010\" height=\"425\" alt=\"\" \/><\/a> <\/div> <\/div> <\/div> <\/div>[\/et_pb_code][\/et_pb_column][\/et_pb_row][\/et_pb_section]<\/p>\n","protected":false},"excerpt":{"rendered":"<p>Ces portes de garde-robe pliantes s\u2019ouvrent en se repliant et se superposent les unes derri\u00e8re les autres, offrant une vue d\u00e9gag\u00e9e du contenu de votre garde-robe. Disponibles avec cadre ou sans cadre, les portes de garde-robe pliantes de GRI peuvent \u00eatre personnalis\u00e9es pour r\u00e9pondre aux exigences uniques de chaque espace. Nos portes pliantes offrent des [&hellip;]<\/p>\n","protected":false},"author":1,"featured_media":0,"parent":0,"menu_order":0,"comment_status":"closed","ping_status":"closed","template":"","meta":{"_et_pb_use_builder":"on","_et_pb_old_content":"","_et_gb_content_width":"","footnotes":""},"class_list":["post-4511","page","type-page","status-publish","hentry"],"yoast_head":"<!-- This site is optimized with the Yoast SEO plugin v27.4 - https:\/\/yoast.com\/product\/yoast-seo-wordpress\/ -->\n<title>Pliantes - Glenn Robertson Design<\/title>\n<meta name=\"robots\" content=\"index, follow, max-snippet:-1, max-image-preview:large, max-video-preview:-1\" \/>\n<link rel=\"canonical\" href=\"https:\/\/www.glennrobertson.ca\/fr\/pliantes\/\" \/>\n<meta property=\"og:locale\" content=\"fr_FR\" \/>\n<meta property=\"og:type\" content=\"article\" \/>\n<meta property=\"og:title\" content=\"Pliantes - Glenn Robertson Design\" \/>\n<meta property=\"og:description\" content=\"Ces portes de garde-robe pliantes s\u2019ouvrent en se repliant et se superposent les unes derri\u00e8re les autres, offrant une vue d\u00e9gag\u00e9e du contenu de votre garde-robe. Disponibles avec cadre ou sans cadre, les portes de garde-robe pliantes de GRI peuvent \u00eatre personnalis\u00e9es pour r\u00e9pondre aux exigences uniques de chaque espace. Nos portes pliantes offrent des [&hellip;]\" \/>\n<meta property=\"og:url\" content=\"https:\/\/www.glennrobertson.ca\/fr\/pliantes\/\" \/>\n<meta property=\"og:site_name\" content=\"Glenn Robertson Design\" \/>\n<meta property=\"article:modified_time\" content=\"2026-04-23T19:43:23+00:00\" \/>\n<meta name=\"twitter:card\" content=\"summary_large_image\" \/>\n<meta name=\"twitter:label1\" content=\"Dur\u00e9e de lecture estim\u00e9e\" \/>\n\t<meta name=\"twitter:data1\" content=\"2 minutes\" \/>\n<script type=\"application\/ld+json\" class=\"yoast-schema-graph\">{\"@context\":\"https:\\\/\\\/schema.org\",\"@graph\":[{\"@type\":\"WebPage\",\"@id\":\"https:\\\/\\\/www.glennrobertson.ca\\\/fr\\\/pliantes\\\/\",\"url\":\"https:\\\/\\\/www.glennrobertson.ca\\\/fr\\\/pliantes\\\/\",\"name\":\"Pliantes - Glenn Robertson Design\",\"isPartOf\":{\"@id\":\"https:\\\/\\\/glenn-robertson-design-d61c28.temporary-web-link.com\\\/#website\"},\"datePublished\":\"2024-05-06T21:55:29+00:00\",\"dateModified\":\"2026-04-23T19:43:23+00:00\",\"breadcrumb\":{\"@id\":\"https:\\\/\\\/www.glennrobertson.ca\\\/fr\\\/pliantes\\\/#breadcrumb\"},\"inLanguage\":\"fr-FR\",\"potentialAction\":[{\"@type\":\"ReadAction\",\"target\":[\"https:\\\/\\\/www.glennrobertson.ca\\\/fr\\\/pliantes\\\/\"]}]},{\"@type\":\"BreadcrumbList\",\"@id\":\"https:\\\/\\\/www.glennrobertson.ca\\\/fr\\\/pliantes\\\/#breadcrumb\",\"itemListElement\":[{\"@type\":\"ListItem\",\"position\":1,\"name\":\"Home\",\"item\":\"https:\\\/\\\/www.glennrobertson.ca\\\/fr\\\/\"},{\"@type\":\"ListItem\",\"position\":2,\"name\":\"Pliantes\"}]},{\"@type\":\"WebSite\",\"@id\":\"https:\\\/\\\/glenn-robertson-design-d61c28.temporary-web-link.com\\\/#website\",\"url\":\"https:\\\/\\\/glenn-robertson-design-d61c28.temporary-web-link.com\\\/\",\"name\":\"Glenn Robertson Design\",\"description\":\"\",\"potentialAction\":[{\"@type\":\"SearchAction\",\"target\":{\"@type\":\"EntryPoint\",\"urlTemplate\":\"https:\\\/\\\/glenn-robertson-design-d61c28.temporary-web-link.com\\\/?s={search_term_string}\"},\"query-input\":{\"@type\":\"PropertyValueSpecification\",\"valueRequired\":true,\"valueName\":\"search_term_string\"}}],\"inLanguage\":\"fr-FR\"}]}<\/script>\n<!-- \/ Yoast SEO plugin. -->","yoast_head_json":{"title":"Pliantes - Glenn Robertson Design","robots":{"index":"index","follow":"follow","max-snippet":"max-snippet:-1","max-image-preview":"max-image-preview:large","max-video-preview":"max-video-preview:-1"},"canonical":"https:\/\/www.glennrobertson.ca\/fr\/pliantes\/","og_locale":"fr_FR","og_type":"article","og_title":"Pliantes - Glenn Robertson Design","og_description":"Ces portes de garde-robe pliantes s\u2019ouvrent en se repliant et se superposent les unes derri\u00e8re les autres, offrant une vue d\u00e9gag\u00e9e du contenu de votre garde-robe. Disponibles avec cadre ou sans cadre, les portes de garde-robe pliantes de GRI peuvent \u00eatre personnalis\u00e9es pour r\u00e9pondre aux exigences uniques de chaque espace. Nos portes pliantes offrent des [&hellip;]","og_url":"https:\/\/www.glennrobertson.ca\/fr\/pliantes\/","og_site_name":"Glenn Robertson Design","article_modified_time":"2026-04-23T19:43:23+00:00","twitter_card":"summary_large_image","twitter_misc":{"Dur\u00e9e de lecture estim\u00e9e":"2 minutes"},"schema":{"@context":"https:\/\/schema.org","@graph":[{"@type":"WebPage","@id":"https:\/\/www.glennrobertson.ca\/fr\/pliantes\/","url":"https:\/\/www.glennrobertson.ca\/fr\/pliantes\/","name":"Pliantes - Glenn Robertson Design","isPartOf":{"@id":"https:\/\/glenn-robertson-design-d61c28.temporary-web-link.com\/#website"},"datePublished":"2024-05-06T21:55:29+00:00","dateModified":"2026-04-23T19:43:23+00:00","breadcrumb":{"@id":"https:\/\/www.glennrobertson.ca\/fr\/pliantes\/#breadcrumb"},"inLanguage":"fr-FR","potentialAction":[{"@type":"ReadAction","target":["https:\/\/www.glennrobertson.ca\/fr\/pliantes\/"]}]},{"@type":"BreadcrumbList","@id":"https:\/\/www.glennrobertson.ca\/fr\/pliantes\/#breadcrumb","itemListElement":[{"@type":"ListItem","position":1,"name":"Home","item":"https:\/\/www.glennrobertson.ca\/fr\/"},{"@type":"ListItem","position":2,"name":"Pliantes"}]},{"@type":"WebSite","@id":"https:\/\/glenn-robertson-design-d61c28.temporary-web-link.com\/#website","url":"https:\/\/glenn-robertson-design-d61c28.temporary-web-link.com\/","name":"Glenn Robertson Design","description":"","potentialAction":[{"@type":"SearchAction","target":{"@type":"EntryPoint","urlTemplate":"https:\/\/glenn-robertson-design-d61c28.temporary-web-link.com\/?s={search_term_string}"},"query-input":{"@type":"PropertyValueSpecification","valueRequired":true,"valueName":"search_term_string"}}],"inLanguage":"fr-FR"}]}},"_links":{"self":[{"href":"https:\/\/www.glennrobertson.ca\/fr\/wp-json\/wp\/v2\/pages\/4511","targetHints":{"allow":["GET"]}}],"collection":[{"href":"https:\/\/www.glennrobertson.ca\/fr\/wp-json\/wp\/v2\/pages"}],"about":[{"href":"https:\/\/www.glennrobertson.ca\/fr\/wp-json\/wp\/v2\/types\/page"}],"author":[{"embeddable":true,"href":"https:\/\/www.glennrobertson.ca\/fr\/wp-json\/wp\/v2\/users\/1"}],"replies":[{"embeddable":true,"href":"https:\/\/www.glennrobertson.ca\/fr\/wp-json\/wp\/v2\/comments?post=4511"}],"version-history":[{"count":2,"href":"https:\/\/www.glennrobertson.ca\/fr\/wp-json\/wp\/v2\/pages\/4511\/revisions"}],"predecessor-version":[{"id":4513,"href":"https:\/\/www.glennrobertson.ca\/fr\/wp-json\/wp\/v2\/pages\/4511\/revisions\/4513"}],"wp:attachment":[{"href":"https:\/\/www.glennrobertson.ca\/fr\/wp-json\/wp\/v2\/media?parent=4511"}],"curies":[{"name":"wp","href":"https:\/\/api.w.org\/{rel}","templated":true}]}}